{"id":362,"date":"2022-11-16T14:24:53","date_gmt":"2022-11-16T14:24:53","guid":{"rendered":"https:\/\/demo.crocoblock.com\/light\/cart\/"},"modified":"2025-02-28T17:40:36","modified_gmt":"2025-02-28T16:40:36","slug":"cart","status":"publish","type":"page","link":"https:\/\/smyle.golf\/en\/cart\/","title":{"rendered":"Cart"},"content":{"rendered":"<div data-elementor-type=\"wp-page\" data-elementor-id=\"362\" class=\"elementor elementor-362\" data-elementor-post-type=\"page\">\n\t\t\t\t<div class=\"elementor-element elementor-element-516564b e-con-full e-flex e-con e-parent\" data-id=\"516564b\" data-element_type=\"container\" data-e-type=\"container\">\n\t\t<div class=\"elementor-element elementor-element-aee1717 e-flex e-con-boxed e-con e-child\" data-id=\"aee1717\" data-element_type=\"container\" data-e-type=\"container\">\n\t\t\t\t\t<div class=\"e-con-inner\">\n\t\t\t\t\t<\/div>\n\t\t\t\t<\/div>\n\t\t\t\t<\/div>\n\t\t\t\t<\/div>","protected":false},"excerpt":{"rendered":"<p>Remove item Thumbnail image Product Price Quantity Subtotal &times; Club Head 30,00&nbsp;&euro; Club Head quantity 300,00&nbsp;&euro; Update Cart Apply coupon Cart Totals Subtotal 300,00&nbsp;&euro; Shipping Flat rate: 10,00&nbsp;&euro; Shipping to Barcelona. Change address Country \/ region: Select a country \/ region&hellip;AustriaBelgiumFinlandFranceGermanyGreeceItalyNetherlandsPortugalSpainSweden State \/ County: Select an option&hellip;A Coru\u00f1aAraba\/\u00c1lavaAlbaceteAlicanteAlmer\u00edaAsturias\u00c1vilaBadajozBalearesBarcelonaBurgosC\u00e1ceresC\u00e1dizCantabriaCastell\u00f3nCeutaCiudad RealC\u00f3rdobaCuencaGironaGranadaGuadalajaraGipuzkoaHuelvaHuescaJa\u00e9nLa RiojaLas PalmasLe\u00f3nLleidaLugoMadridM\u00e1lagaMelillaMurciaNavarraOurensePalenciaPontevedraSalamancaSanta Cruz de TenerifeSegoviaSevillaSoriaTarragonaTeruelToledoValenciaValladolidBiscayZamoraZaragoza City: [&hellip;]<\/p>\n","protected":false},"author":1,"featured_media":0,"parent":0,"menu_order":0,"comment_status":"closed","ping_status":"closed","template":"","meta":{"footnotes":""},"class_list":["post-362","page","type-page","status-publish","hentry"],"_links":{"self":[{"href":"https:\/\/smyle.golf\/en\/wp-json\/wp\/v2\/pages\/362","targetHints":{"allow":["GET"]}}],"collection":[{"href":"https:\/\/smyle.golf\/en\/wp-json\/wp\/v2\/pages"}],"about":[{"href":"https:\/\/smyle.golf\/en\/wp-json\/wp\/v2\/types\/page"}],"author":[{"embeddable":true,"href":"https:\/\/smyle.golf\/en\/wp-json\/wp\/v2\/users\/1"}],"replies":[{"embeddable":true,"href":"https:\/\/smyle.golf\/en\/wp-json\/wp\/v2\/comments?post=362"}],"version-history":[{"count":12,"href":"https:\/\/smyle.golf\/en\/wp-json\/wp\/v2\/pages\/362\/revisions"}],"predecessor-version":[{"id":2436,"href":"https:\/\/smyle.golf\/en\/wp-json\/wp\/v2\/pages\/362\/revisions\/2436"}],"wp:attachment":[{"href":"https:\/\/smyle.golf\/en\/wp-json\/wp\/v2\/media?parent=362"}],"curies":[{"name":"wp","href":"https:\/\/api.w.org\/{rel}","templated":true}]}}