{"id":1370,"date":"2025-01-20T13:04:55","date_gmt":"2025-01-20T13:04:55","guid":{"rendered":"https:\/\/smyle.golf\/?post_type=product&#038;p=1370"},"modified":"2025-03-24T08:21:59","modified_gmt":"2025-03-24T07:21:59","slug":"smyle-cubed","status":"publish","type":"product","link":"https:\/\/smyle.golf\/en\/merch\/smyle-cubed\/","title":{"rendered":"Smyle Cubed"},"content":{"rendered":"<p>Camiseta Cl\u00e1sica. Fit Normal.<br \/>\nSmyle Crew Wear. Colecci\u00f3n Organic Basics.<\/p>\n<p>100% Algod\u00f3n Org\u00e1nico &#8211; 215GSM.<br \/>\nTejido lavado.<\/p>\n<p>Classic Tee. Regular Fit.<br \/>\nSmyle Classics. Our Basics Range. Crew Wear.<\/p>\n<p>100% Organic Cotton &#8211; 215GSM.<br \/>\nPre-Shrunk.<br \/>\n\ud83d\ude42\ud83c\udfcc\ud83c\udffd\ud83c\udf0d<\/p>","protected":false},"excerpt":{"rendered":"<p>Camiseta Cl\u00e1sica. Fit Normal. Smyle Crew Wear. Colecci\u00f3n Organic Basics. 100% Algod\u00f3n Org\u00e1nico &#8211; 215GSM. Tejido lavado. Classic Tee. Regular Fit. Smyle Classics. Our Basics Range. Crew Wear. 100% Organic Cotton &#8211; 215GSM. Pre-Shrunk. \ud83d\ude42\ud83c\udfcc\ud83c\udffd\ud83c\udf0d<\/p>","protected":false},"featured_media":2351,"template":"","meta":[],"product_brand":[],"product_cat":[90,83,82],"product_tag":[],"class_list":{"0":"post-1370","1":"product","2":"type-product","3":"status-publish","4":"has-post-thumbnail","6":"product_cat-apparel","7":"product_cat-camisetas","8":"product_cat-merch","10":"first","11":"instock","12":"taxable","13":"shipping-taxable","14":"purchasable","15":"product-type-variable"},"_links":{"self":[{"href":"https:\/\/smyle.golf\/en\/wp-json\/wp\/v2\/product\/1370","targetHints":{"allow":["GET"]}}],"collection":[{"href":"https:\/\/smyle.golf\/en\/wp-json\/wp\/v2\/product"}],"about":[{"href":"https:\/\/smyle.golf\/en\/wp-json\/wp\/v2\/types\/product"}],"wp:featuredmedia":[{"embeddable":true,"href":"https:\/\/smyle.golf\/en\/wp-json\/wp\/v2\/media\/2351"}],"wp:attachment":[{"href":"https:\/\/smyle.golf\/en\/wp-json\/wp\/v2\/media?parent=1370"}],"wp:term":[{"taxonomy":"product_brand","embeddable":true,"href":"https:\/\/smyle.golf\/en\/wp-json\/wp\/v2\/product_brand?post=1370"},{"taxonomy":"product_cat","embeddable":true,"href":"https:\/\/smyle.golf\/en\/wp-json\/wp\/v2\/product_cat?post=1370"},{"taxonomy":"product_tag","embeddable":true,"href":"https:\/\/smyle.golf\/en\/wp-json\/wp\/v2\/product_tag?post=1370"}],"curies":[{"name":"wp","href":"https:\/\/api.w.org\/{rel}","templated":true}]}}