{"id":2008,"date":"2025-02-17T13:19:29","date_gmt":"2025-02-17T13:19:29","guid":{"rendered":"https:\/\/smyle.golf\/?post_type=product&#038;p=2008"},"modified":"2025-03-08T21:51:58","modified_gmt":"2025-03-08T20:51:58","slug":"smyle-gc","status":"publish","type":"product","link":"https:\/\/smyle.golf\/en\/merch\/smyle-gc\/","title":{"rendered":"Smyle GC"},"content":{"rendered":"<p>Manga Larga Cl\u00e1sica. Fit Normal.<br \/>\nSmyle Crew Wear. Colecci\u00f3n Organic Basics.<\/p>\n<p>70% Algod\u00f3n Org\u00e1nico 30% Algod\u00f3n Reciclado &#8211; 240GSM.<br \/>\nTejido lavado.<\/p>\n<p>Classic Long-sleeve. Regular Fit.<br \/>\nSmyle Classics. Our Basics Range. Crew Wear.<\/p>\n<p>70% Organic Cotton 30% Recycled Cotton &#8211; 240GSM.<br \/>\nPre-Shrunk.<br \/>\n\ud83d\ude42\ud83c\udfcc\ud83c\udffd\ud83c\udf0d<\/p>","protected":false},"excerpt":{"rendered":"<p>Smyle Classics. Our Basics Range. Crew Wear.<\/p>","protected":false},"featured_media":2348,"template":"","meta":[],"product_brand":[],"product_cat":[90,94,82],"product_tag":[],"class_list":{"0":"post-2008","1":"product","2":"type-product","3":"status-publish","4":"has-post-thumbnail","6":"product_cat-apparel","7":"product_cat-long-sleeve","8":"product_cat-merch","10":"first","11":"instock","12":"taxable","13":"shipping-taxable","14":"purchasable","15":"product-type-variable"},"_links":{"self":[{"href":"https:\/\/smyle.golf\/en\/wp-json\/wp\/v2\/product\/2008","targetHints":{"allow":["GET"]}}],"collection":[{"href":"https:\/\/smyle.golf\/en\/wp-json\/wp\/v2\/product"}],"about":[{"href":"https:\/\/smyle.golf\/en\/wp-json\/wp\/v2\/types\/product"}],"wp:featuredmedia":[{"embeddable":true,"href":"https:\/\/smyle.golf\/en\/wp-json\/wp\/v2\/media\/2348"}],"wp:attachment":[{"href":"https:\/\/smyle.golf\/en\/wp-json\/wp\/v2\/media?parent=2008"}],"wp:term":[{"taxonomy":"product_brand","embeddable":true,"href":"https:\/\/smyle.golf\/en\/wp-json\/wp\/v2\/product_brand?post=2008"},{"taxonomy":"product_cat","embeddable":true,"href":"https:\/\/smyle.golf\/en\/wp-json\/wp\/v2\/product_cat?post=2008"},{"taxonomy":"product_tag","embeddable":true,"href":"https:\/\/smyle.golf\/en\/wp-json\/wp\/v2\/product_tag?post=2008"}],"curies":[{"name":"wp","href":"https:\/\/api.w.org\/{rel}","templated":true}]}}