{"id":2017,"date":"2025-02-17T13:19:35","date_gmt":"2025-02-17T13:19:35","guid":{"rendered":"https:\/\/smyle.golf\/?post_type=product&#038;p=2017"},"modified":"2025-03-11T15:38:45","modified_gmt":"2025-03-11T14:38:45","slug":"wu-tang-golf","status":"publish","type":"product","link":"https:\/\/smyle.golf\/en\/merch\/wu-tang-golf\/","title":{"rendered":"Wu-Tang Golf"},"content":{"rendered":"<p>Manga Larga Cl\u00e1sica. Fit Normal.<br \/>\nSmyle Crew Wear. Colecci\u00f3n Organic Basics.<\/p>\n<p>100% Algod\u00f3n Org\u00e1nico &#8211; 240GSM.<br \/>\nTejido lavado.<\/p>\n<p>Classic Long-sleeve. Regular Fit.<br \/>\nSmyle Classics. Our Basics Range. Crew Wear.<\/p>\n<p>100% Organic Cotton &#8211; 240GSM.<br \/>\nPre-Shrunk.<br \/>\n\ud83d\ude42\ud83c\udfcc\ud83c\udffd\ud83c\udf0d<\/p>","protected":false},"excerpt":{"rendered":"<p>Manga Larga Cl\u00e1sica. Fit Normal. Smyle Crew Wear. Colecci\u00f3n Organic Basics. 100% Algod\u00f3n Org\u00e1nico &#8211; 240GSM. Tejido lavado. Classic Long-sleeve. Regular Fit. Smyle Classics. Our Basics Range. Crew Wear. 100% Organic Cotton &#8211; 240GSM. Pre-Shrunk. \ud83d\ude42\ud83c\udfcc\ud83c\udffd\ud83c\udf0d<\/p>","protected":false},"featured_media":2349,"template":"","meta":[],"product_brand":[],"product_cat":[90,94,82],"product_tag":[],"class_list":{"0":"post-2017","1":"product","2":"type-product","3":"status-publish","4":"has-post-thumbnail","6":"product_cat-apparel","7":"product_cat-long-sleeve","8":"product_cat-merch","10":"first","11":"instock","12":"taxable","13":"shipping-taxable","14":"purchasable","15":"product-type-variable"},"_links":{"self":[{"href":"https:\/\/smyle.golf\/en\/wp-json\/wp\/v2\/product\/2017","targetHints":{"allow":["GET"]}}],"collection":[{"href":"https:\/\/smyle.golf\/en\/wp-json\/wp\/v2\/product"}],"about":[{"href":"https:\/\/smyle.golf\/en\/wp-json\/wp\/v2\/types\/product"}],"wp:featuredmedia":[{"embeddable":true,"href":"https:\/\/smyle.golf\/en\/wp-json\/wp\/v2\/media\/2349"}],"wp:attachment":[{"href":"https:\/\/smyle.golf\/en\/wp-json\/wp\/v2\/media?parent=2017"}],"wp:term":[{"taxonomy":"product_brand","embeddable":true,"href":"https:\/\/smyle.golf\/en\/wp-json\/wp\/v2\/product_brand?post=2017"},{"taxonomy":"product_cat","embeddable":true,"href":"https:\/\/smyle.golf\/en\/wp-json\/wp\/v2\/product_cat?post=2017"},{"taxonomy":"product_tag","embeddable":true,"href":"https:\/\/smyle.golf\/en\/wp-json\/wp\/v2\/product_tag?post=2017"}],"curies":[{"name":"wp","href":"https:\/\/api.w.org\/{rel}","templated":true}]}}