{"id":2136,"date":"2025-02-19T11:36:57","date_gmt":"2025-02-19T11:36:57","guid":{"rendered":"https:\/\/smyle.golf\/?post_type=product&#038;p=2136"},"modified":"2025-06-09T12:51:31","modified_gmt":"2025-06-09T10:51:31","slug":"club-house-sweat","status":"publish","type":"product","link":"https:\/\/smyle.golf\/en\/merch\/club-house-sweat\/","title":{"rendered":"Club House Sweat"},"content":{"rendered":"<p>Sudadera Cl\u00e1sico Bordado. Fit Normal.<br \/>\nSmyle Crew Wear. Colecci\u00f3n Organic Basics.<\/p>\n<p>100% Algod\u00f3n Org\u00e1nico &#8211; 350GSM.<br \/>\nTejido lavado.<\/p>\n<p>Classic Embroidered Sweat. Regular Fit.<br \/>\nSmyle Classics. Our Basics Range. Crew Wear.<\/p>\n<p>100% Organic Cotton &#8211; 350GSM.<br \/>\nPre-Shrunk.<br \/>\n\ud83d\ude42\ud83c\udfcc\ud83c\udffd\ud83c\udf0d<\/p>","protected":false},"excerpt":{"rendered":"<p>Sudadera Cl\u00e1sico Bordado. Fit Normal. Smyle Crew Wear. Colecci\u00f3n Organic Basics. 100% Algod\u00f3n Org\u00e1nico &#8211; 350GSM. Tejido lavado. Classic Embroidered Sweat. Regular Fit. Smyle Classics. Our Basics Range. Crew Wear. 100% Organic Cotton &#8211; 350GSM. Pre-Shrunk. \ud83d\ude42\ud83c\udfcc\ud83c\udffd\ud83c\udf0d<\/p>","protected":false},"featured_media":2342,"template":"","meta":[],"product_brand":[],"product_cat":[90,82,85],"product_tag":[],"class_list":{"0":"post-2136","1":"product","2":"type-product","3":"status-publish","4":"has-post-thumbnail","6":"product_cat-apparel","7":"product_cat-merch","8":"product_cat-sudaderas","10":"first","11":"instock","12":"taxable","13":"shipping-taxable","14":"purchasable","15":"product-type-variable"},"_links":{"self":[{"href":"https:\/\/smyle.golf\/en\/wp-json\/wp\/v2\/product\/2136","targetHints":{"allow":["GET"]}}],"collection":[{"href":"https:\/\/smyle.golf\/en\/wp-json\/wp\/v2\/product"}],"about":[{"href":"https:\/\/smyle.golf\/en\/wp-json\/wp\/v2\/types\/product"}],"wp:featuredmedia":[{"embeddable":true,"href":"https:\/\/smyle.golf\/en\/wp-json\/wp\/v2\/media\/2342"}],"wp:attachment":[{"href":"https:\/\/smyle.golf\/en\/wp-json\/wp\/v2\/media?parent=2136"}],"wp:term":[{"taxonomy":"product_brand","embeddable":true,"href":"https:\/\/smyle.golf\/en\/wp-json\/wp\/v2\/product_brand?post=2136"},{"taxonomy":"product_cat","embeddable":true,"href":"https:\/\/smyle.golf\/en\/wp-json\/wp\/v2\/product_cat?post=2136"},{"taxonomy":"product_tag","embeddable":true,"href":"https:\/\/smyle.golf\/en\/wp-json\/wp\/v2\/product_tag?post=2136"}],"curies":[{"name":"wp","href":"https:\/\/api.w.org\/{rel}","templated":true}]}}