{"id":2183,"date":"2024-02-19T13:20:27","date_gmt":"2024-02-19T13:20:27","guid":{"rendered":"https:\/\/smyle.golf\/?post_type=product&#038;p=2183"},"modified":"2025-03-03T15:42:38","modified_gmt":"2025-03-03T14:42:38","slug":"habits-scorecards","status":"publish","type":"product","link":"https:\/\/smyle.golf\/en\/merch\/habits-scorecards\/","title":{"rendered":"Habits\u00ae Scorecards"},"content":{"rendered":"<p>\ud83c\uddea\ud83c\uddf8 M\u00e1s que una tarjeta de puntuaci\u00f3n, una herramienta de entrenamiento consciente.<br \/>\nEl set incluye <strong data-start=\"448\" data-end=\"470\">seis cartas \u00fanicas<\/strong>, cada una con un enfoque espec\u00edfico y ejercicios mentales dise\u00f1ados para ayudarte a mantener la concentraci\u00f3n, jugar con m\u00e1s inteligencia y disfrutar a\u00fan m\u00e1s del juego.<\/p>\n<p>\ud83c\uddec\ud83c\udde7 More than just a scorecard\u2014these are mindful training tools designed to refine your on-course habits, one shot at a time.<br \/>\nThe set includes <strong data-start=\"168\" data-end=\"188\">six unique cards<\/strong>, each with its own specific focus and mental exercises to help you stay present, play smarter, and enjoy the game even more.<\/p>\n<p>&nbsp;<\/p>","protected":false},"excerpt":{"rendered":"<p>\ud83c\uddea\ud83c\uddf8 M\u00e1s que una tarjeta de puntuaci\u00f3n, una herramienta de entrenamiento consciente. El set incluye seis cartas \u00fanicas, cada una con un enfoque espec\u00edfico y ejercicios mentales dise\u00f1ados para ayudarte a mantener la concentraci\u00f3n, jugar con m\u00e1s inteligencia y disfrutar a\u00fan m\u00e1s del juego. \ud83c\uddec\ud83c\udde7 More than just a scorecard\u2014these are mindful training tools designed [&hellip;]<\/p>\n","protected":false},"featured_media":2188,"template":"","meta":[],"product_brand":[],"product_cat":[91,82,93],"product_tag":[],"class_list":{"0":"post-2183","1":"product","2":"type-product","3":"status-publish","4":"has-post-thumbnail","6":"product_cat-accessories","7":"product_cat-merch","8":"product_cat-scorecards","9":"product_shipping_class-habits","11":"first","12":"instock","13":"taxable","14":"shipping-taxable","15":"purchasable","16":"product-type-variable"},"_links":{"self":[{"href":"https:\/\/smyle.golf\/en\/wp-json\/wp\/v2\/product\/2183","targetHints":{"allow":["GET"]}}],"collection":[{"href":"https:\/\/smyle.golf\/en\/wp-json\/wp\/v2\/product"}],"about":[{"href":"https:\/\/smyle.golf\/en\/wp-json\/wp\/v2\/types\/product"}],"wp:featuredmedia":[{"embeddable":true,"href":"https:\/\/smyle.golf\/en\/wp-json\/wp\/v2\/media\/2188"}],"wp:attachment":[{"href":"https:\/\/smyle.golf\/en\/wp-json\/wp\/v2\/media?parent=2183"}],"wp:term":[{"taxonomy":"product_brand","embeddable":true,"href":"https:\/\/smyle.golf\/en\/wp-json\/wp\/v2\/product_brand?post=2183"},{"taxonomy":"product_cat","embeddable":true,"href":"https:\/\/smyle.golf\/en\/wp-json\/wp\/v2\/product_cat?post=2183"},{"taxonomy":"product_tag","embeddable":true,"href":"https:\/\/smyle.golf\/en\/wp-json\/wp\/v2\/product_tag?post=2183"}],"curies":[{"name":"wp","href":"https:\/\/api.w.org\/{rel}","templated":true}]}}